{"id":6160,"date":"2022-03-23T11:31:56","date_gmt":"2022-03-23T14:31:56","guid":{"rendered":"https:\/\/laorquideapasteleria.cl\/?post_type=product&#038;p=6160"},"modified":"2025-11-06T22:04:36","modified_gmt":"2025-11-07T01:04:36","slug":"tres-leches","status":"publish","type":"product","link":"https:\/\/laorquideapasteleria.cl\/index.php\/producto\/tres-leches\/","title":{"rendered":"Torta Tres Leches"},"content":{"rendered":"<p>La Torta Tres Leches no pasa de moda nunca&#8230; La Orqu\u00eddea te ofrece su versi\u00f3n con ingredientes de calidad y receta \u00fanica que probablemente es la mas h\u00fameda de toda la ciudad, probarla es quedarse enamorado de esa explosi\u00f3n de sabor.<\/p>\n<p>Puedes elegir entre 5 diferentes sabores\/rellenos:<\/p>\n<p>&#8211; Tradicional<br \/>\n&#8211; Albahaca<br \/>\n&#8211; Chocolate<br \/>\n&#8211; Coco<br \/>\n&#8211; Manjar<\/p>\n","protected":false},"excerpt":{"rendered":"<p>Solo tienes que probarla para sabes que es una de las mejores tortas tres leches de la ciudad, decorada como pocas con merengue italiano natural. Un cl\u00e1sico hecho al mejor estilo de La Orqu\u00eddea.<\/p>\n","protected":false},"featured_media":6282,"template":"","meta":[],"product_brand":[],"product_cat":[55,57,61,21],"product_tag":[],"class_list":{"0":"post-6160","1":"product","2":"type-product","3":"status-publish","4":"has-post-thumbnail","6":"product_cat-bizcocho-blanco","7":"product_cat-bizcocho-blanco-tortas","8":"product_cat-chocolate","9":"product_cat-tortas","11":"first","12":"instock","13":"shipping-taxable","14":"purchasable","15":"product-type-variable"},"yoast_head":"<!-- This site is optimized with the Yoast SEO plugin v27.2 - https:\/\/yoast.com\/product\/yoast-seo-wordpress\/ -->\n<title>Torta Tres Leches - La Orqu\u00eddea<\/title>\n<meta name=\"robots\" content=\"index, follow, max-snippet:-1, max-image-preview:large, max-video-preview:-1\" \/>\n<link rel=\"canonical\" href=\"https:\/\/laorquideapasteleria.cl\/index.php\/producto\/tres-leches\/\" \/>\n<meta property=\"og:locale\" content=\"es_ES\" \/>\n<meta property=\"og:type\" content=\"article\" \/>\n<meta property=\"og:title\" content=\"Torta Tres Leches - La Orqu\u00eddea\" \/>\n<meta property=\"og:description\" content=\"Solo tienes que probarla para sabes que es una de las mejores tortas tres leches de la ciudad, decorada como pocas con merengue italiano natural. Un cl\u00e1sico hecho al mejor estilo de La Orqu\u00eddea.\" \/>\n<meta property=\"og:url\" content=\"https:\/\/laorquideapasteleria.cl\/index.php\/producto\/tres-leches\/\" \/>\n<meta property=\"og:site_name\" content=\"La Orqu\u00eddea\" \/>\n<meta property=\"article:modified_time\" content=\"2025-11-07T01:04:36+00:00\" \/>\n<meta property=\"og:image\" content=\"https:\/\/laorquideapasteleria.cl\/wp-content\/uploads\/2022\/03\/tres-leche-2-1.jpg\" \/>\n\t<meta property=\"og:image:width\" content=\"1200\" \/>\n\t<meta property=\"og:image:height\" content=\"1200\" \/>\n\t<meta property=\"og:image:type\" content=\"image\/jpeg\" \/>\n<meta name=\"twitter:card\" content=\"summary_large_image\" \/>\n<meta name=\"twitter:label1\" content=\"Tiempo de lectura\" \/>\n\t<meta name=\"twitter:data1\" content=\"1 minuto\" \/>\n<script type=\"application\/ld+json\" class=\"yoast-schema-graph\">{\"@context\":\"https:\/\/schema.org\",\"@graph\":[{\"@type\":\"WebPage\",\"@id\":\"https:\/\/laorquideapasteleria.cl\/index.php\/producto\/tres-leches\/\",\"url\":\"https:\/\/laorquideapasteleria.cl\/index.php\/producto\/tres-leches\/\",\"name\":\"Torta Tres Leches - La Orqu\u00eddea\",\"isPartOf\":{\"@id\":\"https:\/\/laorquideapasteleria.cl\/#website\"},\"primaryImageOfPage\":{\"@id\":\"https:\/\/laorquideapasteleria.cl\/index.php\/producto\/tres-leches\/#primaryimage\"},\"image\":{\"@id\":\"https:\/\/laorquideapasteleria.cl\/index.php\/producto\/tres-leches\/#primaryimage\"},\"thumbnailUrl\":\"https:\/\/laorquideapasteleria.cl\/wp-content\/uploads\/2022\/03\/tres-leche-2-1.jpg\",\"datePublished\":\"2022-03-23T14:31:56+00:00\",\"dateModified\":\"2025-11-07T01:04:36+00:00\",\"breadcrumb\":{\"@id\":\"https:\/\/laorquideapasteleria.cl\/index.php\/producto\/tres-leches\/#breadcrumb\"},\"inLanguage\":\"es\",\"potentialAction\":[{\"@type\":\"ReadAction\",\"target\":[\"https:\/\/laorquideapasteleria.cl\/index.php\/producto\/tres-leches\/\"]}]},{\"@type\":\"ImageObject\",\"inLanguage\":\"es\",\"@id\":\"https:\/\/laorquideapasteleria.cl\/index.php\/producto\/tres-leches\/#primaryimage\",\"url\":\"https:\/\/laorquideapasteleria.cl\/wp-content\/uploads\/2022\/03\/tres-leche-2-1.jpg\",\"contentUrl\":\"https:\/\/laorquideapasteleria.cl\/wp-content\/uploads\/2022\/03\/tres-leche-2-1.jpg\",\"width\":1200,\"height\":1200,\"caption\":\"Torta Tres Leches\"},{\"@type\":\"BreadcrumbList\",\"@id\":\"https:\/\/laorquideapasteleria.cl\/index.php\/producto\/tres-leches\/#breadcrumb\",\"itemListElement\":[{\"@type\":\"ListItem\",\"position\":1,\"name\":\"Portada\",\"item\":\"https:\/\/laorquideapasteleria.cl\/\"},{\"@type\":\"ListItem\",\"position\":2,\"name\":\"Productos\",\"item\":\"https:\/\/laorquideapasteleria.cl\/index.php\/shop\/\"},{\"@type\":\"ListItem\",\"position\":3,\"name\":\"Torta Tres Leches\"}]},{\"@type\":\"WebSite\",\"@id\":\"https:\/\/laorquideapasteleria.cl\/#website\",\"url\":\"https:\/\/laorquideapasteleria.cl\/\",\"name\":\"La Orqu\u00eddea\",\"description\":\"Decoraciones Especiales, Tortas, Pie, Antojitos Dulces, Cheesecake&#039;s, CupCakes, Chocolate, Bizcocho Chocolate, Frutales, Bizcocho Blanco, Hojarasca, Panqueque\",\"publisher\":{\"@id\":\"https:\/\/laorquideapasteleria.cl\/#organization\"},\"potentialAction\":[{\"@type\":\"SearchAction\",\"target\":{\"@type\":\"EntryPoint\",\"urlTemplate\":\"https:\/\/laorquideapasteleria.cl\/?s={search_term_string}\"},\"query-input\":{\"@type\":\"PropertyValueSpecification\",\"valueRequired\":true,\"valueName\":\"search_term_string\"}}],\"inLanguage\":\"es\"},{\"@type\":\"Organization\",\"@id\":\"https:\/\/laorquideapasteleria.cl\/#organization\",\"name\":\"La Orqu\u00eddea\",\"url\":\"https:\/\/laorquideapasteleria.cl\/\",\"logo\":{\"@type\":\"ImageObject\",\"inLanguage\":\"es\",\"@id\":\"https:\/\/laorquideapasteleria.cl\/#\/schema\/logo\/image\/\",\"url\":\"https:\/\/laorquideapasteleria.cl\/wp-content\/uploads\/2021\/06\/cropped-logo-1.png\",\"contentUrl\":\"https:\/\/laorquideapasteleria.cl\/wp-content\/uploads\/2021\/06\/cropped-logo-1.png\",\"width\":1095,\"height\":580,\"caption\":\"La Orqu\u00eddea\"},\"image\":{\"@id\":\"https:\/\/laorquideapasteleria.cl\/#\/schema\/logo\/image\/\"}}]}<\/script>\n<!-- \/ Yoast SEO plugin. -->","yoast_head_json":{"title":"Torta Tres Leches - La Orqu\u00eddea","robots":{"index":"index","follow":"follow","max-snippet":"max-snippet:-1","max-image-preview":"max-image-preview:large","max-video-preview":"max-video-preview:-1"},"canonical":"https:\/\/laorquideapasteleria.cl\/index.php\/producto\/tres-leches\/","og_locale":"es_ES","og_type":"article","og_title":"Torta Tres Leches - La Orqu\u00eddea","og_description":"Solo tienes que probarla para sabes que es una de las mejores tortas tres leches de la ciudad, decorada como pocas con merengue italiano natural. Un cl\u00e1sico hecho al mejor estilo de La Orqu\u00eddea.","og_url":"https:\/\/laorquideapasteleria.cl\/index.php\/producto\/tres-leches\/","og_site_name":"La Orqu\u00eddea","article_modified_time":"2025-11-07T01:04:36+00:00","og_image":[{"width":1200,"height":1200,"url":"https:\/\/laorquideapasteleria.cl\/wp-content\/uploads\/2022\/03\/tres-leche-2-1.jpg","type":"image\/jpeg"}],"twitter_card":"summary_large_image","twitter_misc":{"Tiempo de lectura":"1 minuto"},"schema":{"@context":"https:\/\/schema.org","@graph":[{"@type":"WebPage","@id":"https:\/\/laorquideapasteleria.cl\/index.php\/producto\/tres-leches\/","url":"https:\/\/laorquideapasteleria.cl\/index.php\/producto\/tres-leches\/","name":"Torta Tres Leches - La Orqu\u00eddea","isPartOf":{"@id":"https:\/\/laorquideapasteleria.cl\/#website"},"primaryImageOfPage":{"@id":"https:\/\/laorquideapasteleria.cl\/index.php\/producto\/tres-leches\/#primaryimage"},"image":{"@id":"https:\/\/laorquideapasteleria.cl\/index.php\/producto\/tres-leches\/#primaryimage"},"thumbnailUrl":"https:\/\/laorquideapasteleria.cl\/wp-content\/uploads\/2022\/03\/tres-leche-2-1.jpg","datePublished":"2022-03-23T14:31:56+00:00","dateModified":"2025-11-07T01:04:36+00:00","breadcrumb":{"@id":"https:\/\/laorquideapasteleria.cl\/index.php\/producto\/tres-leches\/#breadcrumb"},"inLanguage":"es","potentialAction":[{"@type":"ReadAction","target":["https:\/\/laorquideapasteleria.cl\/index.php\/producto\/tres-leches\/"]}]},{"@type":"ImageObject","inLanguage":"es","@id":"https:\/\/laorquideapasteleria.cl\/index.php\/producto\/tres-leches\/#primaryimage","url":"https:\/\/laorquideapasteleria.cl\/wp-content\/uploads\/2022\/03\/tres-leche-2-1.jpg","contentUrl":"https:\/\/laorquideapasteleria.cl\/wp-content\/uploads\/2022\/03\/tres-leche-2-1.jpg","width":1200,"height":1200,"caption":"Torta Tres Leches"},{"@type":"BreadcrumbList","@id":"https:\/\/laorquideapasteleria.cl\/index.php\/producto\/tres-leches\/#breadcrumb","itemListElement":[{"@type":"ListItem","position":1,"name":"Portada","item":"https:\/\/laorquideapasteleria.cl\/"},{"@type":"ListItem","position":2,"name":"Productos","item":"https:\/\/laorquideapasteleria.cl\/index.php\/shop\/"},{"@type":"ListItem","position":3,"name":"Torta Tres Leches"}]},{"@type":"WebSite","@id":"https:\/\/laorquideapasteleria.cl\/#website","url":"https:\/\/laorquideapasteleria.cl\/","name":"La Orqu\u00eddea","description":"Decoraciones Especiales, Tortas, Pie, Antojitos Dulces, Cheesecake&#039;s, CupCakes, Chocolate, Bizcocho Chocolate, Frutales, Bizcocho Blanco, Hojarasca, Panqueque","publisher":{"@id":"https:\/\/laorquideapasteleria.cl\/#organization"},"potentialAction":[{"@type":"SearchAction","target":{"@type":"EntryPoint","urlTemplate":"https:\/\/laorquideapasteleria.cl\/?s={search_term_string}"},"query-input":{"@type":"PropertyValueSpecification","valueRequired":true,"valueName":"search_term_string"}}],"inLanguage":"es"},{"@type":"Organization","@id":"https:\/\/laorquideapasteleria.cl\/#organization","name":"La Orqu\u00eddea","url":"https:\/\/laorquideapasteleria.cl\/","logo":{"@type":"ImageObject","inLanguage":"es","@id":"https:\/\/laorquideapasteleria.cl\/#\/schema\/logo\/image\/","url":"https:\/\/laorquideapasteleria.cl\/wp-content\/uploads\/2021\/06\/cropped-logo-1.png","contentUrl":"https:\/\/laorquideapasteleria.cl\/wp-content\/uploads\/2021\/06\/cropped-logo-1.png","width":1095,"height":580,"caption":"La Orqu\u00eddea"},"image":{"@id":"https:\/\/laorquideapasteleria.cl\/#\/schema\/logo\/image\/"}}]}},"jetpack_sharing_enabled":true,"_links":{"self":[{"href":"https:\/\/laorquideapasteleria.cl\/index.php\/wp-json\/wp\/v2\/product\/6160","targetHints":{"allow":["GET"]}}],"collection":[{"href":"https:\/\/laorquideapasteleria.cl\/index.php\/wp-json\/wp\/v2\/product"}],"about":[{"href":"https:\/\/laorquideapasteleria.cl\/index.php\/wp-json\/wp\/v2\/types\/product"}],"wp:featuredmedia":[{"embeddable":true,"href":"https:\/\/laorquideapasteleria.cl\/index.php\/wp-json\/wp\/v2\/media\/6282"}],"wp:attachment":[{"href":"https:\/\/laorquideapasteleria.cl\/index.php\/wp-json\/wp\/v2\/media?parent=6160"}],"wp:term":[{"taxonomy":"product_brand","embeddable":true,"href":"https:\/\/laorquideapasteleria.cl\/index.php\/wp-json\/wp\/v2\/product_brand?post=6160"},{"taxonomy":"product_cat","embeddable":true,"href":"https:\/\/laorquideapasteleria.cl\/index.php\/wp-json\/wp\/v2\/product_cat?post=6160"},{"taxonomy":"product_tag","embeddable":true,"href":"https:\/\/laorquideapasteleria.cl\/index.php\/wp-json\/wp\/v2\/product_tag?post=6160"}],"curies":[{"name":"wp","href":"https:\/\/api.w.org\/{rel}","templated":true}]}}