{"id":5844,"date":"2022-03-22T10:51:59","date_gmt":"2022-03-22T13:51:59","guid":{"rendered":"https:\/\/laorquideapasteleria.cl\/?post_type=product&#038;p=5844"},"modified":"2025-11-06T23:23:06","modified_gmt":"2025-11-07T02:23:06","slug":"brownie-nuez","status":"publish","type":"product","link":"https:\/\/laorquideapasteleria.cl\/index.php\/producto\/brownie-nuez\/","title":{"rendered":"Porci\u00f3n de Brownie con Nuez 6x6cm"},"content":{"rendered":"","protected":false},"excerpt":{"rendered":"<p>Nuestra porci\u00f3n de brownie con nuez de 6x6cm es una dosis precisa para los amantes del chocolate, no dejes de saborear su cobertura de ganache, nuestro toque especial.<\/p>\n","protected":false},"featured_media":6327,"template":"","meta":[],"product_brand":[],"product_cat":[50,61],"product_tag":[],"class_list":{"0":"post-5844","1":"product","2":"type-product","3":"status-publish","4":"has-post-thumbnail","6":"product_cat-antojitos-dulces","7":"product_cat-chocolate","9":"first","10":"instock","11":"shipping-taxable","12":"purchasable","13":"product-type-variable"},"yoast_head":"<!-- This site is optimized with the Yoast SEO plugin v27.2 - https:\/\/yoast.com\/product\/yoast-seo-wordpress\/ -->\n<title>Porci\u00f3n de Brownie con Nuez 6x6cm - La Orqu\u00eddea<\/title>\n<meta name=\"robots\" content=\"index, follow, max-snippet:-1, max-image-preview:large, max-video-preview:-1\" \/>\n<link rel=\"canonical\" href=\"https:\/\/laorquideapasteleria.cl\/index.php\/producto\/brownie-nuez\/\" \/>\n<meta property=\"og:locale\" content=\"es_ES\" \/>\n<meta property=\"og:type\" content=\"article\" \/>\n<meta property=\"og:title\" content=\"Porci\u00f3n de Brownie con Nuez 6x6cm - La Orqu\u00eddea\" \/>\n<meta property=\"og:description\" content=\"Nuestra porci\u00f3n de brownie con nuez de 6x6cm es una dosis precisa para los amantes del chocolate, no dejes de saborear su cobertura de ganache, nuestro toque especial.\" \/>\n<meta property=\"og:url\" content=\"https:\/\/laorquideapasteleria.cl\/index.php\/producto\/brownie-nuez\/\" \/>\n<meta property=\"og:site_name\" content=\"La Orqu\u00eddea\" \/>\n<meta property=\"article:modified_time\" content=\"2025-11-07T02:23:06+00:00\" \/>\n<meta property=\"og:image\" content=\"https:\/\/laorquideapasteleria.cl\/wp-content\/uploads\/2022\/03\/brownie-3-1.jpg\" \/>\n\t<meta property=\"og:image:width\" content=\"1200\" \/>\n\t<meta property=\"og:image:height\" content=\"1200\" \/>\n\t<meta property=\"og:image:type\" content=\"image\/jpeg\" \/>\n<meta name=\"twitter:card\" content=\"summary_large_image\" \/>\n<script type=\"application\/ld+json\" class=\"yoast-schema-graph\">{\"@context\":\"https:\/\/schema.org\",\"@graph\":[{\"@type\":\"WebPage\",\"@id\":\"https:\/\/laorquideapasteleria.cl\/index.php\/producto\/brownie-nuez\/\",\"url\":\"https:\/\/laorquideapasteleria.cl\/index.php\/producto\/brownie-nuez\/\",\"name\":\"Porci\u00f3n de Brownie con Nuez 6x6cm - La Orqu\u00eddea\",\"isPartOf\":{\"@id\":\"https:\/\/laorquideapasteleria.cl\/#website\"},\"primaryImageOfPage\":{\"@id\":\"https:\/\/laorquideapasteleria.cl\/index.php\/producto\/brownie-nuez\/#primaryimage\"},\"image\":{\"@id\":\"https:\/\/laorquideapasteleria.cl\/index.php\/producto\/brownie-nuez\/#primaryimage\"},\"thumbnailUrl\":\"https:\/\/laorquideapasteleria.cl\/wp-content\/uploads\/2022\/03\/brownie-3-1.jpg\",\"datePublished\":\"2022-03-22T13:51:59+00:00\",\"dateModified\":\"2025-11-07T02:23:06+00:00\",\"breadcrumb\":{\"@id\":\"https:\/\/laorquideapasteleria.cl\/index.php\/producto\/brownie-nuez\/#breadcrumb\"},\"inLanguage\":\"es\",\"potentialAction\":[{\"@type\":\"ReadAction\",\"target\":[\"https:\/\/laorquideapasteleria.cl\/index.php\/producto\/brownie-nuez\/\"]}]},{\"@type\":\"ImageObject\",\"inLanguage\":\"es\",\"@id\":\"https:\/\/laorquideapasteleria.cl\/index.php\/producto\/brownie-nuez\/#primaryimage\",\"url\":\"https:\/\/laorquideapasteleria.cl\/wp-content\/uploads\/2022\/03\/brownie-3-1.jpg\",\"contentUrl\":\"https:\/\/laorquideapasteleria.cl\/wp-content\/uploads\/2022\/03\/brownie-3-1.jpg\",\"width\":1200,\"height\":1200,\"caption\":\"Porci\u00f3n de Brownie con Nuez 6x6cm\"},{\"@type\":\"BreadcrumbList\",\"@id\":\"https:\/\/laorquideapasteleria.cl\/index.php\/producto\/brownie-nuez\/#breadcrumb\",\"itemListElement\":[{\"@type\":\"ListItem\",\"position\":1,\"name\":\"Portada\",\"item\":\"https:\/\/laorquideapasteleria.cl\/\"},{\"@type\":\"ListItem\",\"position\":2,\"name\":\"Productos\",\"item\":\"https:\/\/laorquideapasteleria.cl\/index.php\/shop\/\"},{\"@type\":\"ListItem\",\"position\":3,\"name\":\"Porci\u00f3n de Brownie con Nuez 6x6cm\"}]},{\"@type\":\"WebSite\",\"@id\":\"https:\/\/laorquideapasteleria.cl\/#website\",\"url\":\"https:\/\/laorquideapasteleria.cl\/\",\"name\":\"La Orqu\u00eddea\",\"description\":\"Decoraciones Especiales, Tortas, Pie, Antojitos Dulces, Cheesecake&#039;s, CupCakes, Chocolate, Bizcocho Chocolate, Frutales, Bizcocho Blanco, Hojarasca, Panqueque\",\"publisher\":{\"@id\":\"https:\/\/laorquideapasteleria.cl\/#organization\"},\"potentialAction\":[{\"@type\":\"SearchAction\",\"target\":{\"@type\":\"EntryPoint\",\"urlTemplate\":\"https:\/\/laorquideapasteleria.cl\/?s={search_term_string}\"},\"query-input\":{\"@type\":\"PropertyValueSpecification\",\"valueRequired\":true,\"valueName\":\"search_term_string\"}}],\"inLanguage\":\"es\"},{\"@type\":\"Organization\",\"@id\":\"https:\/\/laorquideapasteleria.cl\/#organization\",\"name\":\"La Orqu\u00eddea\",\"url\":\"https:\/\/laorquideapasteleria.cl\/\",\"logo\":{\"@type\":\"ImageObject\",\"inLanguage\":\"es\",\"@id\":\"https:\/\/laorquideapasteleria.cl\/#\/schema\/logo\/image\/\",\"url\":\"https:\/\/laorquideapasteleria.cl\/wp-content\/uploads\/2021\/06\/cropped-logo-1.png\",\"contentUrl\":\"https:\/\/laorquideapasteleria.cl\/wp-content\/uploads\/2021\/06\/cropped-logo-1.png\",\"width\":1095,\"height\":580,\"caption\":\"La Orqu\u00eddea\"},\"image\":{\"@id\":\"https:\/\/laorquideapasteleria.cl\/#\/schema\/logo\/image\/\"}}]}<\/script>\n<!-- \/ Yoast SEO plugin. -->","yoast_head_json":{"title":"Porci\u00f3n de Brownie con Nuez 6x6cm - La Orqu\u00eddea","robots":{"index":"index","follow":"follow","max-snippet":"max-snippet:-1","max-image-preview":"max-image-preview:large","max-video-preview":"max-video-preview:-1"},"canonical":"https:\/\/laorquideapasteleria.cl\/index.php\/producto\/brownie-nuez\/","og_locale":"es_ES","og_type":"article","og_title":"Porci\u00f3n de Brownie con Nuez 6x6cm - La Orqu\u00eddea","og_description":"Nuestra porci\u00f3n de brownie con nuez de 6x6cm es una dosis precisa para los amantes del chocolate, no dejes de saborear su cobertura de ganache, nuestro toque especial.","og_url":"https:\/\/laorquideapasteleria.cl\/index.php\/producto\/brownie-nuez\/","og_site_name":"La Orqu\u00eddea","article_modified_time":"2025-11-07T02:23:06+00:00","og_image":[{"width":1200,"height":1200,"url":"https:\/\/laorquideapasteleria.cl\/wp-content\/uploads\/2022\/03\/brownie-3-1.jpg","type":"image\/jpeg"}],"twitter_card":"summary_large_image","schema":{"@context":"https:\/\/schema.org","@graph":[{"@type":"WebPage","@id":"https:\/\/laorquideapasteleria.cl\/index.php\/producto\/brownie-nuez\/","url":"https:\/\/laorquideapasteleria.cl\/index.php\/producto\/brownie-nuez\/","name":"Porci\u00f3n de Brownie con Nuez 6x6cm - La Orqu\u00eddea","isPartOf":{"@id":"https:\/\/laorquideapasteleria.cl\/#website"},"primaryImageOfPage":{"@id":"https:\/\/laorquideapasteleria.cl\/index.php\/producto\/brownie-nuez\/#primaryimage"},"image":{"@id":"https:\/\/laorquideapasteleria.cl\/index.php\/producto\/brownie-nuez\/#primaryimage"},"thumbnailUrl":"https:\/\/laorquideapasteleria.cl\/wp-content\/uploads\/2022\/03\/brownie-3-1.jpg","datePublished":"2022-03-22T13:51:59+00:00","dateModified":"2025-11-07T02:23:06+00:00","breadcrumb":{"@id":"https:\/\/laorquideapasteleria.cl\/index.php\/producto\/brownie-nuez\/#breadcrumb"},"inLanguage":"es","potentialAction":[{"@type":"ReadAction","target":["https:\/\/laorquideapasteleria.cl\/index.php\/producto\/brownie-nuez\/"]}]},{"@type":"ImageObject","inLanguage":"es","@id":"https:\/\/laorquideapasteleria.cl\/index.php\/producto\/brownie-nuez\/#primaryimage","url":"https:\/\/laorquideapasteleria.cl\/wp-content\/uploads\/2022\/03\/brownie-3-1.jpg","contentUrl":"https:\/\/laorquideapasteleria.cl\/wp-content\/uploads\/2022\/03\/brownie-3-1.jpg","width":1200,"height":1200,"caption":"Porci\u00f3n de Brownie con Nuez 6x6cm"},{"@type":"BreadcrumbList","@id":"https:\/\/laorquideapasteleria.cl\/index.php\/producto\/brownie-nuez\/#breadcrumb","itemListElement":[{"@type":"ListItem","position":1,"name":"Portada","item":"https:\/\/laorquideapasteleria.cl\/"},{"@type":"ListItem","position":2,"name":"Productos","item":"https:\/\/laorquideapasteleria.cl\/index.php\/shop\/"},{"@type":"ListItem","position":3,"name":"Porci\u00f3n de Brownie con Nuez 6x6cm"}]},{"@type":"WebSite","@id":"https:\/\/laorquideapasteleria.cl\/#website","url":"https:\/\/laorquideapasteleria.cl\/","name":"La Orqu\u00eddea","description":"Decoraciones Especiales, Tortas, Pie, Antojitos Dulces, Cheesecake&#039;s, CupCakes, Chocolate, Bizcocho Chocolate, Frutales, Bizcocho Blanco, Hojarasca, Panqueque","publisher":{"@id":"https:\/\/laorquideapasteleria.cl\/#organization"},"potentialAction":[{"@type":"SearchAction","target":{"@type":"EntryPoint","urlTemplate":"https:\/\/laorquideapasteleria.cl\/?s={search_term_string}"},"query-input":{"@type":"PropertyValueSpecification","valueRequired":true,"valueName":"search_term_string"}}],"inLanguage":"es"},{"@type":"Organization","@id":"https:\/\/laorquideapasteleria.cl\/#organization","name":"La Orqu\u00eddea","url":"https:\/\/laorquideapasteleria.cl\/","logo":{"@type":"ImageObject","inLanguage":"es","@id":"https:\/\/laorquideapasteleria.cl\/#\/schema\/logo\/image\/","url":"https:\/\/laorquideapasteleria.cl\/wp-content\/uploads\/2021\/06\/cropped-logo-1.png","contentUrl":"https:\/\/laorquideapasteleria.cl\/wp-content\/uploads\/2021\/06\/cropped-logo-1.png","width":1095,"height":580,"caption":"La Orqu\u00eddea"},"image":{"@id":"https:\/\/laorquideapasteleria.cl\/#\/schema\/logo\/image\/"}}]}},"jetpack_sharing_enabled":true,"_links":{"self":[{"href":"https:\/\/laorquideapasteleria.cl\/index.php\/wp-json\/wp\/v2\/product\/5844","targetHints":{"allow":["GET"]}}],"collection":[{"href":"https:\/\/laorquideapasteleria.cl\/index.php\/wp-json\/wp\/v2\/product"}],"about":[{"href":"https:\/\/laorquideapasteleria.cl\/index.php\/wp-json\/wp\/v2\/types\/product"}],"wp:featuredmedia":[{"embeddable":true,"href":"https:\/\/laorquideapasteleria.cl\/index.php\/wp-json\/wp\/v2\/media\/6327"}],"wp:attachment":[{"href":"https:\/\/laorquideapasteleria.cl\/index.php\/wp-json\/wp\/v2\/media?parent=5844"}],"wp:term":[{"taxonomy":"product_brand","embeddable":true,"href":"https:\/\/laorquideapasteleria.cl\/index.php\/wp-json\/wp\/v2\/product_brand?post=5844"},{"taxonomy":"product_cat","embeddable":true,"href":"https:\/\/laorquideapasteleria.cl\/index.php\/wp-json\/wp\/v2\/product_cat?post=5844"},{"taxonomy":"product_tag","embeddable":true,"href":"https:\/\/laorquideapasteleria.cl\/index.php\/wp-json\/wp\/v2\/product_tag?post=5844"}],"curies":[{"name":"wp","href":"https:\/\/api.w.org\/{rel}","templated":true}]}}